{"id":27810,"date":"2021-08-26T12:21:44","date_gmt":"2021-08-26T11:21:44","guid":{"rendered":"https:\/\/produtos.energie.pt\/comparatore\/"},"modified":"2026-04-09T17:12:05","modified_gmt":"2026-04-09T16:12:05","slug":"comparatore","status":"publish","type":"page","link":"https:\/\/produtos.energie.pt\/it\/comparatore\/","title":{"rendered":"Comparatore"},"content":{"rendered":"\t\t<div class=\"wd-empty-block wd-empty-compare\">\n\t\t\t<h2 class=\"wd-empty-block-title\">\n\t\t\t\tL&#039;elenco di confronto \u00e8 vuoto.\t\t\t<\/h2>\n\t\t\t\t\t\t\t<p class=\"wd-empty-block-text\">\n\t\t\t\t\tVoc\u00ea ainda n\u00e3o adicionou nenhum produto \u00e0 ferramenta de compara\u00e7\u00e3o. Adicione os produtos que deseja comparar. Obrigado.\t\t\t\t<\/p>\n\t\t\t\t\t\t<a class=\"button btn btn-accent wd-empty-block-btn\" href=\"https:\/\/produtos.energie.pt\/it\/shop\/\">\n\t\t\t\tTorna al negozio\t\t\t<\/a>\n\t\t<\/div>\n\t\t\n","protected":false},"excerpt":{"rendered":"","protected":false},"author":2,"featured_media":0,"parent":0,"menu_order":0,"comment_status":"closed","ping_status":"closed","template":"","meta":{"footnotes":""},"class_list":["post-27810","page","type-page","status-publish","hentry"],"_links":{"self":[{"href":"https:\/\/produtos.energie.pt\/it\/wp-json\/wp\/v2\/pages\/27810","targetHints":{"allow":["GET"]}}],"collection":[{"href":"https:\/\/produtos.energie.pt\/it\/wp-json\/wp\/v2\/pages"}],"about":[{"href":"https:\/\/produtos.energie.pt\/it\/wp-json\/wp\/v2\/types\/page"}],"author":[{"embeddable":true,"href":"https:\/\/produtos.energie.pt\/it\/wp-json\/wp\/v2\/users\/2"}],"replies":[{"embeddable":true,"href":"https:\/\/produtos.energie.pt\/it\/wp-json\/wp\/v2\/comments?post=27810"}],"version-history":[{"count":1,"href":"https:\/\/produtos.energie.pt\/it\/wp-json\/wp\/v2\/pages\/27810\/revisions"}],"predecessor-version":[{"id":27811,"href":"https:\/\/produtos.energie.pt\/it\/wp-json\/wp\/v2\/pages\/27810\/revisions\/27811"}],"wp:attachment":[{"href":"https:\/\/produtos.energie.pt\/it\/wp-json\/wp\/v2\/media?parent=27810"}],"curies":[{"name":"wp","href":"https:\/\/api.w.org\/{rel}","templated":true}]}}