{"id":27812,"date":"2021-08-26T12:21:44","date_gmt":"2021-08-26T11:21:44","guid":{"rendered":"https:\/\/produtos.energie.pt\/comparateur\/"},"modified":"2026-04-09T17:12:06","modified_gmt":"2026-04-09T16:12:06","slug":"comparateur","status":"publish","type":"page","link":"https:\/\/produtos.energie.pt\/fr\/comparateur\/","title":{"rendered":"Comparateur"},"content":{"rendered":"\t\t<div class=\"wd-empty-block wd-empty-compare\">\n\t\t\t<h2 class=\"wd-empty-block-title\">\n\t\t\t\tLa liste de comparaison est vide.\t\t\t<\/h2>\n\t\t\t\t\t\t\t<p class=\"wd-empty-block-text\">\n\t\t\t\t\tVoc\u00ea ainda n\u00e3o adicionou nenhum produto \u00e0 ferramenta de compara\u00e7\u00e3o. Adicione os produtos que deseja comparar. Obrigado.\t\t\t\t<\/p>\n\t\t\t\t\t\t<a class=\"button btn btn-accent wd-empty-block-btn\" href=\"https:\/\/produtos.energie.pt\/fr\/boutique\/\">\n\t\t\t\tRetour \u00e0 la boutique\t\t\t<\/a>\n\t\t<\/div>\n\t\t\n","protected":false},"excerpt":{"rendered":"","protected":false},"author":2,"featured_media":0,"parent":0,"menu_order":0,"comment_status":"closed","ping_status":"closed","template":"","meta":{"footnotes":""},"class_list":["post-27812","page","type-page","status-publish","hentry"],"_links":{"self":[{"href":"https:\/\/produtos.energie.pt\/fr\/wp-json\/wp\/v2\/pages\/27812","targetHints":{"allow":["GET"]}}],"collection":[{"href":"https:\/\/produtos.energie.pt\/fr\/wp-json\/wp\/v2\/pages"}],"about":[{"href":"https:\/\/produtos.energie.pt\/fr\/wp-json\/wp\/v2\/types\/page"}],"author":[{"embeddable":true,"href":"https:\/\/produtos.energie.pt\/fr\/wp-json\/wp\/v2\/users\/2"}],"replies":[{"embeddable":true,"href":"https:\/\/produtos.energie.pt\/fr\/wp-json\/wp\/v2\/comments?post=27812"}],"version-history":[{"count":1,"href":"https:\/\/produtos.energie.pt\/fr\/wp-json\/wp\/v2\/pages\/27812\/revisions"}],"predecessor-version":[{"id":27813,"href":"https:\/\/produtos.energie.pt\/fr\/wp-json\/wp\/v2\/pages\/27812\/revisions\/27813"}],"wp:attachment":[{"href":"https:\/\/produtos.energie.pt\/fr\/wp-json\/wp\/v2\/media?parent=27812"}],"curies":[{"name":"wp","href":"https:\/\/api.w.org\/{rel}","templated":true}]}}