{"id":25763,"date":"2026-02-14T06:00:54","date_gmt":"2026-02-14T06:00:54","guid":{"rendered":"https:\/\/produtos.energie.pt\/termo-xl\/"},"modified":"2026-04-14T14:02:13","modified_gmt":"2026-04-14T13:02:13","slug":"termo-xl","status":"publish","type":"page","link":"https:\/\/produtos.energie.pt\/fr\/","title":{"rendered":"TERMO XL"},"content":{"rendered":"\t\t<div data-elementor-type=\"wp-page\" data-elementor-id=\"25763\" class=\"elementor elementor-25763 elementor-24743\">\n\t\t\t\t<div class=\"wd-negative-gap elementor-element elementor-element-61586e6 wd-section-stretch e-flex e-con-boxed e-con e-parent\" data-id=\"61586e6\" data-element_type=\"container\" data-e-type=\"container\" data-settings=\"{&quot;background_background&quot;:&quot;slideshow&quot;,&quot;background_slideshow_gallery&quot;:[],&quot;background_slideshow_loop&quot;:&quot;yes&quot;,&quot;background_slideshow_slide_duration&quot;:5000,&quot;background_slideshow_slide_transition&quot;:&quot;fade&quot;,&quot;background_slideshow_transition_duration&quot;:500}\">\n\t\t\t\t\t<div class=\"e-con-inner\">\n\t\t<div class=\"elementor-element elementor-element-3ad227d0 e-con-full e-flex e-con e-child\" data-id=\"3ad227d0\" data-element_type=\"container\" data-e-type=\"container\" data-settings=\"{&quot;background_background&quot;:&quot;slideshow&quot;,&quot;background_slideshow_gallery&quot;:[],&quot;background_slideshow_slide_duration&quot;:5000,&quot;background_slideshow_slide_transition&quot;:&quot;fade&quot;,&quot;background_slideshow_transition_duration&quot;:500}\">\n\t\t\t\t<div class=\"elementor-element elementor-element-d36c79a elementor-widget elementor-widget-wd_image_or_svg\" data-id=\"d36c79a\" data-element_type=\"widget\" data-e-type=\"widget\" data-widget_type=\"wd_image_or_svg.default\">\n\t\t\t\t<div class=\"elementor-widget-container\">\n\t\t\t\t\t\n\t\t<div class=\"wd-image text-left\">\n\t\t\t\t\t\t\t\t<img loading=\"lazy\" decoding=\"async\" width=\"2500\" height=\"900\" src=\"https:\/\/produtos.energie.pt\/wp-content\/uploads\/2026\/02\/escena-portada-conm-rotulo.webp\" class=\"attachment-full size-full\" alt=\"\" srcset=\"https:\/\/produtos.energie.pt\/wp-content\/uploads\/2026\/02\/escena-portada-conm-rotulo.webp 2500w, https:\/\/produtos.energie.pt\/wp-content\/uploads\/2026\/02\/escena-portada-conm-rotulo-400x144.webp 400w, https:\/\/produtos.energie.pt\/wp-content\/uploads\/2026\/02\/escena-portada-conm-rotulo-1300x468.webp 1300w, https:\/\/produtos.energie.pt\/wp-content\/uploads\/2026\/02\/escena-portada-conm-rotulo-768x276.webp 768w, https:\/\/produtos.energie.pt\/wp-content\/uploads\/2026\/02\/escena-portada-conm-rotulo-1536x553.webp 1536w, https:\/\/produtos.energie.pt\/wp-content\/uploads\/2026\/02\/escena-portada-conm-rotulo-2048x737.webp 2048w, https:\/\/produtos.energie.pt\/wp-content\/uploads\/2026\/02\/escena-portada-conm-rotulo-430x155.webp 430w, https:\/\/produtos.energie.pt\/wp-content\/uploads\/2026\/02\/escena-portada-conm-rotulo-700x252.webp 700w, https:\/\/produtos.energie.pt\/wp-content\/uploads\/2026\/02\/escena-portada-conm-rotulo-150x54.webp 150w\" sizes=\"auto, (max-width: 2500px) 100vw, 2500px\" \/>\t\t\t\t\t<\/div>\n\n\t\t\t\t\t\t<\/div>\n\t\t\t\t<\/div>\n\t\t\t\t<\/div>\n\t\t\t\t\t<\/div>\n\t\t\t\t<\/div>\n\t\t<div class=\"elementor-element elementor-element-2484e94 e-con-full e-flex e-con e-parent\" data-id=\"2484e94\" data-element_type=\"container\" data-e-type=\"container\">\n\t\t\t\t<div class=\"elementor-element elementor-element-8b18196 wd-width-100 elementor-widget elementor-widget-wd_title\" data-id=\"8b18196\" data-element_type=\"widget\" data-e-type=\"widget\" data-widget_type=\"wd_title.default\">\n\t\t\t\t<div class=\"elementor-widget-container\">\n\t\t\t\t\t\t\t<div class=\"title-wrapper wd-set-mb reset-last-child wd-title-color-primary wd-title-style-simple wd-title-size-default text-left\">\n\n\t\t\t\t\t\t\t\t\t\t\t<div class=\"title-subtitle subtitle-color-primary subtitle-style-default wd-fontsize-xs\">\n\t\t\t\t\tConfort, flexibilit\u00e9 et efficacit\u00e9 \u00e9nerg\u00e9tique\t\t\t\t<\/div>\n\t\t\t\n\t\t\t<div class=\"liner-continer\">\n\t\t\t\t<h4 class=\"woodmart-title-container title wd-fontsize-l\">CHAUFFE-EAU DE GRANDE CAPACIT\u00c9<\/h4> \n\t\t\t\t\t\t\t<\/div>\n\n\t\t\t\t\t<\/div>\n\t\t\t\t\t\t<\/div>\n\t\t\t\t<\/div>\n\t\t\t\t<div class=\"elementor-element elementor-element-b8f2f0c elementor-widget elementor-widget-wd_list\" data-id=\"b8f2f0c\" data-element_type=\"widget\" data-e-type=\"widget\" data-widget_type=\"wd_list.default\">\n\t\t\t\t<div class=\"elementor-widget-container\">\n\t\t\t\t\t\t\t<ul class=\"wd-list color-scheme- wd-fontsize-xs wd-type-icon wd-style-default text-left\">\n\t\t\t\t\t\t\t\t\t\t\t<li class=\"elementor-repeater-item-141e52e\">\n\t\t\t\t\t\t\t\t\t\t\t<span class=\"wd-icon\"><svg class=\"e-font-icon-svg e-fas-plus\" viewBox=\"0 0 448 512\" xmlns=\"http:\/\/www.w3.org\/2000\/svg\"><path d=\"M416 208H272V64c0-17.67-14.33-32-32-32h-32c-17.67 0-32 14.33-32 32v144H32c-17.67 0-32 14.33-32 32v32c0 17.67 14.33 32 32 32h144v144c0 17.67 14.33 32 32 32h32c17.67 0 32-14.33 32-32V304h144c17.67 0 32-14.33 32-32v-32c0-17.67-14.33-32-32-32z\"><\/path><\/svg><\/span>\t\t\t\t\t\n\t\t\t\t\t<span class=\"wd-list-content list-content\">\n\t\t\t\t\t\t\t\t\t\t\t\t\tEnergie pr\u00e9sente la gamme Termo XL, des chauffe-eau de grand volume, adapt\u00e9s \u00e0 une utilisation avec des pompes \u00e0 chaleur, favorisant une optimisation de lefficacit\u00e9 \u00e9nerg\u00e9tique.\t\t\t\t\t\t\t\t\t\t\t<\/span>\n\t\t\t\t<\/li>\n\t\t\t\t\t\t\t\t\t\t\t<li class=\"elementor-repeater-item-656617a\">\n\t\t\t\t\t\t\t\t\t\t\t<span class=\"wd-icon\"><svg class=\"e-font-icon-svg e-fas-plus\" viewBox=\"0 0 448 512\" xmlns=\"http:\/\/www.w3.org\/2000\/svg\"><path d=\"M416 208H272V64c0-17.67-14.33-32-32-32h-32c-17.67 0-32 14.33-32 32v144H32c-17.67 0-32 14.33-32 32v32c0 17.67 14.33 32 32 32h144v144c0 17.67 14.33 32 32 32h32c17.67 0 32-14.33 32-32V304h144c17.67 0 32-14.33 32-32v-32c0-17.67-14.33-32-32-32z\"><\/path><\/svg><\/span>\t\t\t\t\t\n\t\t\t\t\t<span class=\"wd-list-content list-content\">\n\t\t\t\t\t\t\t\t\t\t\t\t\tLes ballons TERMO XL gagnent aujourdhui en importance gr\u00e2ce \u00e0 leur polyvalence dapplication avec la nouvelle gamme de pompes \u00e0 chaleur AQUAPURA INVERTER, pour les solutions dECS et de climatisation.\t\t\t\t\t\t\t\t\t\t\t<\/span>\n\t\t\t\t<\/li>\n\t\t\t\t\t\t\t\t\t\t\t<li class=\"elementor-repeater-item-824bce1\">\n\t\t\t\t\t\t\t\t\t\t\t<span class=\"wd-icon\"><svg class=\"e-font-icon-svg e-fas-plus\" viewBox=\"0 0 448 512\" xmlns=\"http:\/\/www.w3.org\/2000\/svg\"><path d=\"M416 208H272V64c0-17.67-14.33-32-32-32h-32c-17.67 0-32 14.33-32 32v144H32c-17.67 0-32 14.33-32 32v32c0 17.67 14.33 32 32 32h144v144c0 17.67 14.33 32 32 32h32c17.67 0 32-14.33 32-32V304h144c17.67 0 32-14.33 32-32v-32c0-17.67-14.33-32-32-32z\"><\/path><\/svg><\/span>\t\t\t\t\t\n\t\t\t\t\t<span class=\"wd-list-content list-content\">\n\t\t\t\t\t\t\t\t\t\t\t\t\tENERGIE sefforce de r\u00e9pondre aux besoins des clients en adaptant le type dacier du r\u00e9servoir, le volume, les dimensions, lencombrement et lemplacement des raccordements aux exigences du projet et de larchitecture.\t\t\t\t\t\t\t\t\t\t\t<\/span>\n\t\t\t\t<\/li>\n\t\t\t\t\t<\/ul>\n\n\t\t\t\t\t\t<\/div>\n\t\t\t\t<\/div>\n\t\t\t\t<\/div>\n\t\t<div class=\"wd-negative-gap elementor-element elementor-element-ade22fc e-flex e-con-boxed e-con e-parent\" data-id=\"ade22fc\" data-element_type=\"container\" data-e-type=\"container\">\n\t\t\t\t\t<div class=\"e-con-inner\">\n\t\t<a class=\"elementor-element elementor-element-5638c4a e-con-full e-flex e-con e-child\" data-id=\"5638c4a\" data-element_type=\"container\" data-e-type=\"container\" href=\"https:\/\/produtos.energie.pt\/fr\/termo-xl\/termo-xl-sans-serpentin\/\">\n\t\t\t\t<div class=\"elementor-element elementor-element-a5efaf8 e-transform e-transform elementor-widget elementor-widget-wd_image_or_svg\" data-id=\"a5efaf8\" data-element_type=\"widget\" data-e-type=\"widget\" data-settings=\"{&quot;_transform_scale_effect_hover&quot;:{&quot;unit&quot;:&quot;px&quot;,&quot;size&quot;:1.02,&quot;sizes&quot;:[]},&quot;_transform_scale_effect&quot;:{&quot;unit&quot;:&quot;px&quot;,&quot;size&quot;:&quot;&quot;,&quot;sizes&quot;:[]},&quot;_transform_scale_effect_tablet&quot;:{&quot;unit&quot;:&quot;px&quot;,&quot;size&quot;:&quot;&quot;,&quot;sizes&quot;:[]},&quot;_transform_scale_effect_mobile&quot;:{&quot;unit&quot;:&quot;px&quot;,&quot;size&quot;:&quot;&quot;,&quot;sizes&quot;:[]},&quot;_transform_scale_effect_hover_tablet&quot;:{&quot;unit&quot;:&quot;px&quot;,&quot;size&quot;:&quot;&quot;,&quot;sizes&quot;:[]},&quot;_transform_scale_effect_hover_mobile&quot;:{&quot;unit&quot;:&quot;px&quot;,&quot;size&quot;:&quot;&quot;,&quot;sizes&quot;:[]}}\" data-widget_type=\"wd_image_or_svg.default\">\n\t\t\t\t<div class=\"elementor-widget-container\">\n\t\t\t\t\t\n\t\t<div class=\"wd-image text-left\">\n\t\t\t\t\t\t\t\t<img loading=\"lazy\" decoding=\"async\" width=\"1941\" height=\"1500\" src=\"https:\/\/produtos.energie.pt\/wp-content\/uploads\/2026\/02\/Termo-XL_sem-Serp.webp\" class=\"attachment-full size-full\" alt=\"Termo XL sem Serpentina\" srcset=\"https:\/\/produtos.energie.pt\/wp-content\/uploads\/2026\/02\/Termo-XL_sem-Serp.webp 1941w, https:\/\/produtos.energie.pt\/wp-content\/uploads\/2026\/02\/Termo-XL_sem-Serp-388x300.webp 388w, https:\/\/produtos.energie.pt\/wp-content\/uploads\/2026\/02\/Termo-XL_sem-Serp-1035x800.webp 1035w, https:\/\/produtos.energie.pt\/wp-content\/uploads\/2026\/02\/Termo-XL_sem-Serp-768x594.webp 768w, https:\/\/produtos.energie.pt\/wp-content\/uploads\/2026\/02\/Termo-XL_sem-Serp-1536x1187.webp 1536w, https:\/\/produtos.energie.pt\/wp-content\/uploads\/2026\/02\/Termo-XL_sem-Serp-430x332.webp 430w, https:\/\/produtos.energie.pt\/wp-content\/uploads\/2026\/02\/Termo-XL_sem-Serp-700x541.webp 700w, https:\/\/produtos.energie.pt\/wp-content\/uploads\/2026\/02\/Termo-XL_sem-Serp-150x116.webp 150w\" sizes=\"auto, (max-width: 1941px) 100vw, 1941px\" \/>\t\t\t\t\t<\/div>\n\n\t\t\t\t\t\t<\/div>\n\t\t\t\t<\/div>\n\t\t\t\t<div class=\"elementor-element elementor-element-63ed4bf elementor-widget elementor-widget-wd_text_block\" data-id=\"63ed4bf\" data-element_type=\"widget\" data-e-type=\"widget\" data-widget_type=\"wd_text_block.default\">\n\t\t\t\t<div class=\"elementor-widget-container\">\n\t\t\t\t\t\t\t<div class=\"wd-text-block reset-last-child text-center color-alt\">\n\t\t\t\n\t\t\t<p>SANS SERPENTIN<span style=\"font-size: 16px;\"><\/span><\/p>\n\t\t\t\t\t<\/div>\n\t\t\t\t\t\t<\/div>\n\t\t\t\t<\/div>\n\t\t\t\t<\/a>\n\t\t<a class=\"elementor-element elementor-element-ff97500 e-con-full e-flex e-con e-child\" data-id=\"ff97500\" data-element_type=\"container\" data-e-type=\"container\" href=\"https:\/\/produtos.energie.pt\/fr\/termo-xl\/termo-xl-1-serpentin\/\">\n\t\t\t\t<div class=\"elementor-element elementor-element-3029b27 e-transform e-transform elementor-widget elementor-widget-wd_image_or_svg\" data-id=\"3029b27\" data-element_type=\"widget\" data-e-type=\"widget\" data-settings=\"{&quot;_transform_scale_effect_hover&quot;:{&quot;unit&quot;:&quot;px&quot;,&quot;size&quot;:1.02,&quot;sizes&quot;:[]},&quot;_transform_scale_effect&quot;:{&quot;unit&quot;:&quot;px&quot;,&quot;size&quot;:&quot;&quot;,&quot;sizes&quot;:[]},&quot;_transform_scale_effect_tablet&quot;:{&quot;unit&quot;:&quot;px&quot;,&quot;size&quot;:&quot;&quot;,&quot;sizes&quot;:[]},&quot;_transform_scale_effect_mobile&quot;:{&quot;unit&quot;:&quot;px&quot;,&quot;size&quot;:&quot;&quot;,&quot;sizes&quot;:[]},&quot;_transform_scale_effect_hover_tablet&quot;:{&quot;unit&quot;:&quot;px&quot;,&quot;size&quot;:&quot;&quot;,&quot;sizes&quot;:[]},&quot;_transform_scale_effect_hover_mobile&quot;:{&quot;unit&quot;:&quot;px&quot;,&quot;size&quot;:&quot;&quot;,&quot;sizes&quot;:[]}}\" data-widget_type=\"wd_image_or_svg.default\">\n\t\t\t\t<div class=\"elementor-widget-container\">\n\t\t\t\t\t\n\t\t<div class=\"wd-image text-left\">\n\t\t\t\t\t\t\t\t<img loading=\"lazy\" decoding=\"async\" width=\"1941\" height=\"1500\" src=\"https:\/\/produtos.energie.pt\/wp-content\/uploads\/2026\/02\/Termo-XL_1-Serp.webp\" class=\"attachment-full size-full\" alt=\"Termo XL 1 Serpentina\" srcset=\"https:\/\/produtos.energie.pt\/wp-content\/uploads\/2026\/02\/Termo-XL_1-Serp.webp 1941w, https:\/\/produtos.energie.pt\/wp-content\/uploads\/2026\/02\/Termo-XL_1-Serp-388x300.webp 388w, https:\/\/produtos.energie.pt\/wp-content\/uploads\/2026\/02\/Termo-XL_1-Serp-1035x800.webp 1035w, https:\/\/produtos.energie.pt\/wp-content\/uploads\/2026\/02\/Termo-XL_1-Serp-768x594.webp 768w, https:\/\/produtos.energie.pt\/wp-content\/uploads\/2026\/02\/Termo-XL_1-Serp-1536x1187.webp 1536w, https:\/\/produtos.energie.pt\/wp-content\/uploads\/2026\/02\/Termo-XL_1-Serp-430x332.webp 430w, https:\/\/produtos.energie.pt\/wp-content\/uploads\/2026\/02\/Termo-XL_1-Serp-700x541.webp 700w, https:\/\/produtos.energie.pt\/wp-content\/uploads\/2026\/02\/Termo-XL_1-Serp-150x116.webp 150w\" sizes=\"auto, (max-width: 1941px) 100vw, 1941px\" \/>\t\t\t\t\t<\/div>\n\n\t\t\t\t\t\t<\/div>\n\t\t\t\t<\/div>\n\t\t\t\t<div class=\"elementor-element elementor-element-414aec9 elementor-widget elementor-widget-wd_text_block\" data-id=\"414aec9\" data-element_type=\"widget\" data-e-type=\"widget\" data-widget_type=\"wd_text_block.default\">\n\t\t\t\t<div class=\"elementor-widget-container\">\n\t\t\t\t\t\t\t<div class=\"wd-text-block reset-last-child text-center color-alt\">\n\t\t\t\n\t\t\t<p>1 SERPENTIN<\/p>\n\t\t\t\t\t<\/div>\n\t\t\t\t\t\t<\/div>\n\t\t\t\t<\/div>\n\t\t\t\t<\/a>\n\t\t<a class=\"elementor-element elementor-element-96afffa e-con-full e-flex e-con e-child\" data-id=\"96afffa\" data-element_type=\"container\" data-e-type=\"container\" href=\"https:\/\/produtos.energie.pt\/fr\/termo-xl\/termo-xl-2-serpentins\/\">\n\t\t\t\t<div class=\"elementor-element elementor-element-ce47c86 e-transform e-transform elementor-widget elementor-widget-wd_image_or_svg\" data-id=\"ce47c86\" data-element_type=\"widget\" data-e-type=\"widget\" data-settings=\"{&quot;_transform_scale_effect_hover&quot;:{&quot;unit&quot;:&quot;px&quot;,&quot;size&quot;:1.02,&quot;sizes&quot;:[]},&quot;_transform_scale_effect&quot;:{&quot;unit&quot;:&quot;px&quot;,&quot;size&quot;:&quot;&quot;,&quot;sizes&quot;:[]},&quot;_transform_scale_effect_tablet&quot;:{&quot;unit&quot;:&quot;px&quot;,&quot;size&quot;:&quot;&quot;,&quot;sizes&quot;:[]},&quot;_transform_scale_effect_mobile&quot;:{&quot;unit&quot;:&quot;px&quot;,&quot;size&quot;:&quot;&quot;,&quot;sizes&quot;:[]},&quot;_transform_scale_effect_hover_tablet&quot;:{&quot;unit&quot;:&quot;px&quot;,&quot;size&quot;:&quot;&quot;,&quot;sizes&quot;:[]},&quot;_transform_scale_effect_hover_mobile&quot;:{&quot;unit&quot;:&quot;px&quot;,&quot;size&quot;:&quot;&quot;,&quot;sizes&quot;:[]}}\" data-widget_type=\"wd_image_or_svg.default\">\n\t\t\t\t<div class=\"elementor-widget-container\">\n\t\t\t\t\t\n\t\t<div class=\"wd-image text-left\">\n\t\t\t\t\t\t\t\t<img loading=\"lazy\" decoding=\"async\" width=\"1941\" height=\"1500\" src=\"https:\/\/produtos.energie.pt\/wp-content\/uploads\/2026\/02\/Termo-XL_2-Serp.webp\" class=\"attachment-full size-full\" alt=\"Termo XL Serpentina Doble\" srcset=\"https:\/\/produtos.energie.pt\/wp-content\/uploads\/2026\/02\/Termo-XL_2-Serp.webp 1941w, https:\/\/produtos.energie.pt\/wp-content\/uploads\/2026\/02\/Termo-XL_2-Serp-388x300.webp 388w, https:\/\/produtos.energie.pt\/wp-content\/uploads\/2026\/02\/Termo-XL_2-Serp-1035x800.webp 1035w, https:\/\/produtos.energie.pt\/wp-content\/uploads\/2026\/02\/Termo-XL_2-Serp-768x594.webp 768w, https:\/\/produtos.energie.pt\/wp-content\/uploads\/2026\/02\/Termo-XL_2-Serp-1536x1187.webp 1536w, https:\/\/produtos.energie.pt\/wp-content\/uploads\/2026\/02\/Termo-XL_2-Serp-430x332.webp 430w, https:\/\/produtos.energie.pt\/wp-content\/uploads\/2026\/02\/Termo-XL_2-Serp-700x541.webp 700w, https:\/\/produtos.energie.pt\/wp-content\/uploads\/2026\/02\/Termo-XL_2-Serp-150x116.webp 150w\" sizes=\"auto, (max-width: 1941px) 100vw, 1941px\" \/>\t\t\t\t\t<\/div>\n\n\t\t\t\t\t\t<\/div>\n\t\t\t\t<\/div>\n\t\t\t\t<div class=\"elementor-element elementor-element-79833c8 elementor-widget elementor-widget-wd_text_block\" data-id=\"79833c8\" data-element_type=\"widget\" data-e-type=\"widget\" data-widget_type=\"wd_text_block.default\">\n\t\t\t\t<div class=\"elementor-widget-container\">\n\t\t\t\t\t\t\t<div class=\"wd-text-block reset-last-child text-center color-alt\">\n\t\t\t\n\t\t\t<p>2 SERPENTINS<\/p>\n\t\t\t\t\t<\/div>\n\t\t\t\t\t\t<\/div>\n\t\t\t\t<\/div>\n\t\t\t\t<\/a>\n\t\t<a class=\"elementor-element elementor-element-5bcad32 e-con-full e-flex e-con e-child\" data-id=\"5bcad32\" data-element_type=\"container\" data-e-type=\"container\" href=\"https:\/\/produtos.energie.pt\/fr\/termo-xl\/ballon-xl-1-serpentin-xl\/\">\n\t\t\t\t<div class=\"elementor-element elementor-element-3596f0a e-transform e-transform elementor-widget elementor-widget-wd_image_or_svg\" data-id=\"3596f0a\" data-element_type=\"widget\" data-e-type=\"widget\" data-settings=\"{&quot;_transform_scale_effect_hover&quot;:{&quot;unit&quot;:&quot;px&quot;,&quot;size&quot;:1.02,&quot;sizes&quot;:[]},&quot;_transform_scale_effect&quot;:{&quot;unit&quot;:&quot;px&quot;,&quot;size&quot;:&quot;&quot;,&quot;sizes&quot;:[]},&quot;_transform_scale_effect_tablet&quot;:{&quot;unit&quot;:&quot;px&quot;,&quot;size&quot;:&quot;&quot;,&quot;sizes&quot;:[]},&quot;_transform_scale_effect_mobile&quot;:{&quot;unit&quot;:&quot;px&quot;,&quot;size&quot;:&quot;&quot;,&quot;sizes&quot;:[]},&quot;_transform_scale_effect_hover_tablet&quot;:{&quot;unit&quot;:&quot;px&quot;,&quot;size&quot;:&quot;&quot;,&quot;sizes&quot;:[]},&quot;_transform_scale_effect_hover_mobile&quot;:{&quot;unit&quot;:&quot;px&quot;,&quot;size&quot;:&quot;&quot;,&quot;sizes&quot;:[]}}\" data-widget_type=\"wd_image_or_svg.default\">\n\t\t\t\t<div class=\"elementor-widget-container\">\n\t\t\t\t\t\n\t\t<div class=\"wd-image text-left\">\n\t\t\t\t\t\t\t\t<img loading=\"lazy\" decoding=\"async\" width=\"1941\" height=\"1500\" src=\"https:\/\/produtos.energie.pt\/wp-content\/uploads\/2026\/02\/Termo-XL_1-Serp_XL.webp\" class=\"attachment-full size-full\" alt=\"Termo XL Serpentina XL\" srcset=\"https:\/\/produtos.energie.pt\/wp-content\/uploads\/2026\/02\/Termo-XL_1-Serp_XL.webp 1941w, https:\/\/produtos.energie.pt\/wp-content\/uploads\/2026\/02\/Termo-XL_1-Serp_XL-388x300.webp 388w, https:\/\/produtos.energie.pt\/wp-content\/uploads\/2026\/02\/Termo-XL_1-Serp_XL-1035x800.webp 1035w, https:\/\/produtos.energie.pt\/wp-content\/uploads\/2026\/02\/Termo-XL_1-Serp_XL-768x594.webp 768w, https:\/\/produtos.energie.pt\/wp-content\/uploads\/2026\/02\/Termo-XL_1-Serp_XL-1536x1187.webp 1536w, https:\/\/produtos.energie.pt\/wp-content\/uploads\/2026\/02\/Termo-XL_1-Serp_XL-430x332.webp 430w, https:\/\/produtos.energie.pt\/wp-content\/uploads\/2026\/02\/Termo-XL_1-Serp_XL-700x541.webp 700w, https:\/\/produtos.energie.pt\/wp-content\/uploads\/2026\/02\/Termo-XL_1-Serp_XL-150x116.webp 150w\" sizes=\"auto, (max-width: 1941px) 100vw, 1941px\" \/>\t\t\t\t\t<\/div>\n\n\t\t\t\t\t\t<\/div>\n\t\t\t\t<\/div>\n\t\t\t\t<div class=\"elementor-element elementor-element-64e5cd1 elementor-widget elementor-widget-wd_text_block\" data-id=\"64e5cd1\" data-element_type=\"widget\" data-e-type=\"widget\" data-widget_type=\"wd_text_block.default\">\n\t\t\t\t<div class=\"elementor-widget-container\">\n\t\t\t\t\t\t\t<div class=\"wd-text-block reset-last-child text-center color-alt\">\n\t\t\t\n\t\t\t<p>1 SERPENTIN XL<\/p>\n\t\t\t\t\t<\/div>\n\t\t\t\t\t\t<\/div>\n\t\t\t\t<\/div>\n\t\t\t\t<\/a>\n\t\t\t\t\t<\/div>\n\t\t\t\t<\/div>\n\t\t<div class=\"elementor-element elementor-element-abb17ef e-flex e-con-boxed e-con e-parent\" data-id=\"abb17ef\" data-element_type=\"container\" data-e-type=\"container\">\n\t\t\t\t\t<div class=\"e-con-inner\">\n\t\t<div class=\"elementor-element elementor-element-20235b1 e-con-full e-flex e-con e-child\" data-id=\"20235b1\" data-element_type=\"container\" data-e-type=\"container\">\n\t\t\t\t<div class=\"elementor-element elementor-element-f07d086 elementor-widget elementor-widget-wd_image_or_svg\" data-id=\"f07d086\" data-element_type=\"widget\" data-e-type=\"widget\" data-widget_type=\"wd_image_or_svg.default\">\n\t\t\t\t<div class=\"elementor-widget-container\">\n\t\t\t\t\t\n\t\t<div class=\"wd-image text-center\">\n\t\t\t\t\t\t\t\t<img decoding=\"async\"  src=\"https:\/\/produtos.energie.pt\/wp-content\/themes\/woodmart\/images\/lazy.svg\" data-src=\"https:\/\/produtos.energie.pt\/wp-content\/uploads\/2026\/03\/termoxl_subdominio.energie_icon_caracteristicas_perdas_fr.svg\" loading=\"lazy\" width=\"120\" height=\"120\">\t\t\t\t\t<\/div>\n\n\t\t\t\t\t\t<\/div>\n\t\t\t\t<\/div>\n\t\t\t\t<\/div>\n\t\t<div class=\"elementor-element elementor-element-71539c0 e-con-full e-flex e-con e-child\" data-id=\"71539c0\" data-element_type=\"container\" data-e-type=\"container\">\n\t\t\t\t<div class=\"elementor-element elementor-element-354d9d6 elementor-widget elementor-widget-wd_image_or_svg\" data-id=\"354d9d6\" data-element_type=\"widget\" data-e-type=\"widget\" data-widget_type=\"wd_image_or_svg.default\">\n\t\t\t\t<div class=\"elementor-widget-container\">\n\t\t\t\t\t\n\t\t<div class=\"wd-image text-center\">\n\t\t\t\t\t\t\t\t<img decoding=\"async\"  src=\"https:\/\/produtos.energie.pt\/wp-content\/themes\/woodmart\/images\/lazy.svg\" data-src=\"https:\/\/produtos.energie.pt\/wp-content\/uploads\/2026\/03\/termoxl_subdominio.energie_icon_caracteristicas_deposito_aqs_fr.svg\" loading=\"lazy\" width=\"120\" height=\"120\">\t\t\t\t\t<\/div>\n\n\t\t\t\t\t\t<\/div>\n\t\t\t\t<\/div>\n\t\t\t\t<\/div>\n\t\t<div class=\"elementor-element elementor-element-ee6942c e-con-full e-flex e-con e-child\" data-id=\"ee6942c\" data-element_type=\"container\" data-e-type=\"container\">\n\t\t\t\t<div class=\"elementor-element elementor-element-1bc6bab elementor-widget elementor-widget-wd_image_or_svg\" data-id=\"1bc6bab\" data-element_type=\"widget\" data-e-type=\"widget\" data-widget_type=\"wd_image_or_svg.default\">\n\t\t\t\t<div class=\"elementor-widget-container\">\n\t\t\t\t\t\n\t\t<div class=\"wd-image text-center\">\n\t\t\t\t\t\t\t\t<img decoding=\"async\"  src=\"https:\/\/produtos.energie.pt\/wp-content\/themes\/woodmart\/images\/lazy.svg\" data-src=\"https:\/\/produtos.energie.pt\/wp-content\/uploads\/2026\/03\/termoxl_icon_caracteristicas_deposito_inox_fr.svg\" loading=\"lazy\" width=\"120\" height=\"120\">\t\t\t\t\t<\/div>\n\n\t\t\t\t\t\t<\/div>\n\t\t\t\t<\/div>\n\t\t\t\t<\/div>\n\t\t<div class=\"elementor-element elementor-element-71d465e e-con-full e-flex e-con e-child\" data-id=\"71d465e\" data-element_type=\"container\" data-e-type=\"container\">\n\t\t\t\t<div class=\"elementor-element elementor-element-a17d245 elementor-widget elementor-widget-wd_image_or_svg\" data-id=\"a17d245\" data-element_type=\"widget\" data-e-type=\"widget\" data-widget_type=\"wd_image_or_svg.default\">\n\t\t\t\t<div class=\"elementor-widget-container\">\n\t\t\t\t\t\n\t\t<div class=\"wd-image text-center\">\n\t\t\t\t\t\t\t\t<img decoding=\"async\"  src=\"https:\/\/produtos.energie.pt\/wp-content\/themes\/woodmart\/images\/lazy.svg\" data-src=\"https:\/\/produtos.energie.pt\/wp-content\/uploads\/2026\/03\/termoxl_icon_caracteristicas_farantia_fr.svg\" loading=\"lazy\" width=\"120\" height=\"120\">\t\t\t\t\t<\/div>\n\n\t\t\t\t\t\t<\/div>\n\t\t\t\t<\/div>\n\t\t\t\t<\/div>\n\t\t\t\t\t<\/div>\n\t\t\t\t<\/div>\n\t\t\t\t<\/div>\n\t\t","protected":false},"excerpt":{"rendered":"<p>Confort, flexibilit\u00e9 et efficacit\u00e9 \u00e9nerg\u00e9tique CHAUFFE-EAU DE GRANDE CAPACIT\u00c9 Energie pr\u00e9sente la gamme Termo XL, des chauffe-eau de grand volume,<\/p>\n","protected":false},"author":2,"featured_media":0,"parent":0,"menu_order":0,"comment_status":"closed","ping_status":"closed","template":"elementor_header_footer","meta":{"footnotes":""},"class_list":["post-25763","page","type-page","status-publish","hentry"],"_links":{"self":[{"href":"https:\/\/produtos.energie.pt\/fr\/wp-json\/wp\/v2\/pages\/25763","targetHints":{"allow":["GET"]}}],"collection":[{"href":"https:\/\/produtos.energie.pt\/fr\/wp-json\/wp\/v2\/pages"}],"about":[{"href":"https:\/\/produtos.energie.pt\/fr\/wp-json\/wp\/v2\/types\/page"}],"author":[{"embeddable":true,"href":"https:\/\/produtos.energie.pt\/fr\/wp-json\/wp\/v2\/users\/2"}],"replies":[{"embeddable":true,"href":"https:\/\/produtos.energie.pt\/fr\/wp-json\/wp\/v2\/comments?post=25763"}],"version-history":[{"count":4,"href":"https:\/\/produtos.energie.pt\/fr\/wp-json\/wp\/v2\/pages\/25763\/revisions"}],"predecessor-version":[{"id":27857,"href":"https:\/\/produtos.energie.pt\/fr\/wp-json\/wp\/v2\/pages\/25763\/revisions\/27857"}],"wp:attachment":[{"href":"https:\/\/produtos.energie.pt\/fr\/wp-json\/wp\/v2\/media?parent=25763"}],"curies":[{"name":"wp","href":"https:\/\/api.w.org\/{rel}","templated":true}]}}